{"id":2002,"date":"2019-02-05T12:47:24","date_gmt":"2019-02-05T11:47:24","guid":{"rendered":"https:\/\/juegorama.eu\/?page_id=2002"},"modified":"2020-01-21T13:13:26","modified_gmt":"2020-01-21T12:13:26","slug":"politica-de-privacidad","status":"publish","type":"page","link":"https:\/\/juegorama.eu\/en\/politica-de-privacidad\/","title":{"rendered":"Pol\u00edtica de privacidad"},"content":{"rendered":"\n<p><strong>\u00bfQuien es el responsable de tus datos?<\/strong><\/p>\n\n\n\n<p>Juegorama Email: info@juegorama.eu<\/p>\n\n\n\n<p><strong>\u00bfCon qu\u00e9 finalidad tratamos sus datos personales?<\/strong><\/p>\n\n\n\n<p>En Juegorama tratamos la informaci\u00f3n que nos facilitan las personas interesadas con el fin de prestar el servicio solicitado y env\u00edo de publicidad en el caso de haber dado consentimiento.<\/p>\n\n\n\n<p><strong>\u00bfCu\u00e1nto tiempo conservaremos sus datos y la legitimidad del tratamiento de sus datos?<\/strong><\/p>\n\n\n\n<p>Los datos personales proporcionados se conservar\u00e1n mientras se mantenga la prestaci\u00f3n de servicio y\/o para posibles responsabilidades legales. <\/p>\n\n\n\n<p>La base legal para el tratamiento de sus datos es la prestaci\u00f3n del servicio y\/o consentimiento del interesado.<\/p>\n\n\n\n<p>Si dejas un comentario, el comentario y sus metadatos se conservan indefinidamente. Esto es para que podamos reconocer y aprobar comentarios sucesivos autom\u00e1ticamente en lugar de mantenerlos en una cola de moderaci\u00f3n.<\/p>\n\n\n\n<p>De los usuarios que se registran en nuestra web (si los hay), tambi\u00e9n almacenamos la informaci\u00f3n personal que proporcionan en su perfil de usuario. Todos los usuarios pueden ver, editar o eliminar su informaci\u00f3n personal en cualquier momento (excepto que no pueden cambiar su nombre de usuario). Los administradores de la web tambi\u00e9n pueden ver y editar esa informaci\u00f3n.<\/p>\n\n\n\n<p><strong>\u00bfA qu\u00e9 destinatarios se comunicar\u00e1n sus datos?&nbsp;<\/strong><\/p>\n\n\n\n<p>Los comentarios de los visitantes puede que los revise un servicio de detecci\u00f3n autom\u00e1tica de spam.<\/p>\n\n\n\n<p>Los datos no se comunicar\u00e1n a terceros ajenos a la empresa.<\/p>\n\n\n\n<p><strong>\u00bfCu\u00e1les son sus derechos cuando nos facilita sus datos?&nbsp;<\/strong><\/p>\n\n\n\n<p>Si tienes una cuenta o has dejado comentarios en esta web, puedes solicitar recibir un archivo de exportaci\u00f3n de los datos personales que tenemos sobre ti, incluyendo cualquier dato que nos hayas proporcionado. Tambi\u00e9n puedes solicitar que eliminemos cualquier dato personal que tengamos sobre ti. Esto no incluye ning\u00fan dato que estemos obligados a conservar con fines administrativos, legales o de seguridad.<\/p>\n\n\n\n<p>Las personas interesadas tienen derecho a si acceder a sus datos personales, as\u00ed como a solicitar la rectificaci\u00f3n de los datos inexactos o, en su caso, solicitar su supresi\u00f3n cuando, entre otros motivos, los datos ya no sean necesarios para los fines que fueron recogidos. &nbsp;<\/p>\n\n\n\n<p>En determinadas circunstancias, los interesados podr\u00e1n solicitar la limitaci\u00f3n del tratamiento de sus datos, en cuyo caso \u00fanicamente los conservaremos para el ejercicio o la defensa de reclamaciones. &nbsp;<\/p>\n\n\n\n<p>En determinadas circunstancias y por motivos relacionados con su situaci\u00f3n particular, los interesados podr\u00e1n oponerse al tratamiento de sus datos. JUEGORAMA dejar\u00e1 de tratar los datos, salvo por motivos leg\u00edtimos imperiosos, o el ejercicio o la defensa de posibles reclamaciones.<\/p>\n\n\n\n<p>Puede solicitar sus derechos de manera totalmente gratuita comunic\u00e1ndose con nosotros a trav\u00e9s del correo electr\u00f3nico indicado.<\/p>\n\n\n\n<h4 class=\"wp-block-heading\"><strong>Comentarios<\/strong><\/h4>\n\n\n\n<p>Cuando los visitantes dejan comentarios en la web, recopilamos los datos que se muestran en el formulario de comentarios, as\u00ed como la direcci\u00f3n IP del visitante y la cadena de agentes de usuario del navegador para ayudar a la detecci\u00f3n de spam.<\/p>\n\n\n\n<p>Una cadena an\u00f3nima creada a partir de tu direcci\u00f3n de correo electr\u00f3nico (tambi\u00e9n llamada hash) puede ser proporcionada al servicio de Gravatar para ver si la est\u00e1s usando. La pol\u00edtica de privacidad del servicio Gravatar est\u00e1 disponible aqu\u00ed: https:\/\/automattic.com\/privacy\/. Despu\u00e9s de la aprobaci\u00f3n de tu comentario, la imagen de tu perfil es visible para el p\u00fablico en el contexto de su comentario.<\/p>\n\n\n\n<h4 class=\"wp-block-heading\"><strong>Medios<\/strong><\/h4>\n\n\n\n<p>Si subes im\u00e1genes a la web deber\u00edas evitar subir im\u00e1genes con datos de ubicaci\u00f3n (GPS EXIF) incluidos. Los visitantes de la web pueden descargar y extraer cualquier dato de localizaci\u00f3n de las im\u00e1genes de la web.<\/p>\n\n\n\n<h4 class=\"wp-block-heading\"><strong>Cookies<\/strong><\/h4>\n\n\n\n<p>Si dejas un comentario en nuestro sitio puedes elegir guardar tu nombre, direcci\u00f3n de correo electr\u00f3nico y web en cookies. Esto es para tu comodidad, para que no tengas que volver a rellenar tus datos cuando dejes otro comentario. Estas cookies tendr\u00e1n una duraci\u00f3n de un a\u00f1o.<\/p>\n\n\n\n<p>Si tienes una cuenta y te conectas a este sitio, instalaremos una cookie temporal para determinar si tu navegador acepta cookies. Esta cookie no contiene datos personales y se elimina al cerrar el navegador.<\/p>\n\n\n\n<p>Cuando inicias sesi\u00f3n, tambi\u00e9n instalaremos varias cookies para guardar tu informaci\u00f3n de inicio de sesi\u00f3n y tus opciones de visualizaci\u00f3n de pantalla. Las cookies de inicio de sesi\u00f3n duran dos d\u00edas, y las cookies de opciones de pantalla duran un a\u00f1o. Si seleccionas &#8220;Recordarme&#8221;, tu inicio de sesi\u00f3n perdurar\u00e1 durante dos semanas. Si sales de tu cuenta, las cookies de inicio de sesi\u00f3n se eliminar\u00e1n.<\/p>\n\n\n\n<p>Si editas o publicas un art\u00edculo se guardar\u00e1 una cookie adicional en tu navegador. Esta cookie no incluye datos personales y simplemente indica el ID del art\u00edculo que acabas de editar. Caduca despu\u00e9s de 1 d\u00eda.<\/p>\n\n\n\n<h4 class=\"wp-block-heading\"><strong>Contenido incrustado de otros sitios web<\/strong><\/h4>\n\n\n\n<p>Los art\u00edculos de este sitio pueden incluir contenido incrustado (por ejemplo, v\u00eddeos, im\u00e1genes, art\u00edculos, etc.). El contenido incrustado de otras web se comporta exactamente de la misma manera que si el visitante hubiera visitado la otra web.<\/p>\n\n\n\n<p>Estas web pueden recopilar datos sobre ti, utilizar cookies, incrustar un seguimiento adicional de terceros, y supervisar tu interacci\u00f3n con ese contenido incrustado, incluido el seguimiento de tu interacci\u00f3n con el contenido incrustado si tienes una cuenta y est\u00e1s conectado a esa web.<\/p>\n\n\n\n<p><\/p>\n","protected":false},"excerpt":{"rendered":"<p>\u00bfQuien es el responsable de tus datos? Juegorama Email: info@juegorama.eu \u00bfCon qu\u00e9 finalidad tratamos sus datos personales? En Juegorama tratamos la informaci\u00f3n que nos facilitan las personas interesadas con el fin de prestar el servicio solicitado y env\u00edo de publicidad en el caso de haber dado consentimiento. \u00bfCu\u00e1nto tiempo conservaremos sus datos y la legitimidad [&hellip;]<\/p>\n","protected":false},"author":3,"featured_media":0,"parent":0,"menu_order":0,"comment_status":"closed","ping_status":"closed","template":"","meta":{"_trash_the_other_posts":false,"_genesis_hide_title":false,"_genesis_hide_breadcrumbs":false,"_genesis_hide_singular_image":false,"_genesis_hide_footer_widgets":false,"_genesis_custom_body_class":"","_genesis_custom_post_class":"","_genesis_layout":"","editor_notices":[],"footnotes":""},"class_list":{"0":"post-2002","1":"page","2":"type-page","3":"status-publish","5":"entry"},"acf":[],"featured_image_src":null,"featured_image_src_square":null,"_links":{"self":[{"href":"https:\/\/juegorama.eu\/en\/wp-json\/wp\/v2\/pages\/2002","targetHints":{"allow":["GET"]}}],"collection":[{"href":"https:\/\/juegorama.eu\/en\/wp-json\/wp\/v2\/pages"}],"about":[{"href":"https:\/\/juegorama.eu\/en\/wp-json\/wp\/v2\/types\/page"}],"author":[{"embeddable":true,"href":"https:\/\/juegorama.eu\/en\/wp-json\/wp\/v2\/users\/3"}],"replies":[{"embeddable":true,"href":"https:\/\/juegorama.eu\/en\/wp-json\/wp\/v2\/comments?post=2002"}],"version-history":[{"count":5,"href":"https:\/\/juegorama.eu\/en\/wp-json\/wp\/v2\/pages\/2002\/revisions"}],"predecessor-version":[{"id":6179,"href":"https:\/\/juegorama.eu\/en\/wp-json\/wp\/v2\/pages\/2002\/revisions\/6179"}],"wp:attachment":[{"href":"https:\/\/juegorama.eu\/en\/wp-json\/wp\/v2\/media?parent=2002"}],"curies":[{"name":"wp","href":"https:\/\/api.w.org\/{rel}","templated":true}]}}