{"id":6183,"date":"2020-01-21T13:17:54","date_gmt":"2020-01-21T12:17:54","guid":{"rendered":"https:\/\/juegorama.eu\/?page_id=6183"},"modified":"2020-01-21T13:19:14","modified_gmt":"2020-01-21T12:19:14","slug":"terminos-y-condiciones","status":"publish","type":"page","link":"https:\/\/juegorama.eu\/en\/terminos-y-condiciones\/","title":{"rendered":"T\u00e9rminos y condiciones"},"content":{"rendered":"\n<p>Garant\u00eda: Todos nuestros productos disponen de la correspondiente garant\u00eda contra todos los defectos de fabricaci\u00f3n. En caso de observar un defecto de fabricaci\u00f3n en su producto, comun\u00edquenoslo en nuestro formulario de contacto donde trataremos de solucionar su problema y le indicaremos c\u00f3mo hacernos llegar su compra. Debido a la naturaleza del uso y ejercicios, dicha garant\u00eda no cubre aquellos desperfectos que se originen en el producto por motivo de golpes o mal uso de las miniaturas.<\/p>\n\n\n\n<p>Derecho de Devoluci\u00f3n: Si cuando reciba su pedido detecta alg\u00fan defecto, tiene un plazo de siete (7) d\u00edas contados desde la fecha de recepci\u00f3n del env\u00edo para ejecutar su derecho de devoluci\u00f3n. Los gastos de env\u00edo y recogida en caso de devoluci\u00f3n correr\u00e1n por cuenta del cliente. Para realizar dicha devoluci\u00f3n, el producto debe estar en perfectas condiciones y en su embalaje original. Una vez recibida la mercanc\u00eda en nuestros almacenes y previa comprobaci\u00f3n del estado del producto, se proceder\u00e1 al cambio o reintegro del importe conforme a la modalidad de pago realizada por el cliente. Para realizar su devoluci\u00f3n, contacte con nosotros en nuestro formulario.<\/p>\n\n\n\n<p>JUEGORAMA no se hace responsable de los posibles gastos aduaneros que pueda conllevar el env\u00edo de sus productos, que ser\u00e1n asumidos en todo caso por el cliente.<\/p>\n\n\n\n<p>Protecci\u00f3n de Datos: En el momento en que usted se registra en nuestro servidor o realiza un pedido, sus datos personales, domiciliarios y los relativos a su forma de pago son incorporados a nuestra base de datos utiliz\u00e1ndose \u00fanicamente para tramitar el pedido as\u00ed como para enviar informaci\u00f3n sobre ofertas y servicios que puedan resultar de su inter\u00e9s. Su nombre, correo electr\u00f3nico o direcci\u00f3n podr\u00e1n ser cedidos a organizaciones para comprobar la autenticidad y legalidad de las operaciones.&nbsp;En cumplimiento con lo dispuesto en la Ley Org\u00e1nica 15\/1999 de 13 de diciembre relativa a la Protecci\u00f3n de Datos de Car\u00e1cter Personal, como cliente podr\u00e1 en todo momento ejercer los derechos de acceso, rectificaci\u00f3n y oposici\u00f3n comunic\u00e1ndolo en nuestro formulario de contacto.<\/p>\n","protected":false},"excerpt":{"rendered":"<p>Garant\u00eda: Todos nuestros productos disponen de la correspondiente garant\u00eda contra todos los defectos de fabricaci\u00f3n. En caso de observar un defecto de fabricaci\u00f3n en su producto, comun\u00edquenoslo en nuestro formulario de contacto donde trataremos de solucionar su problema y le indicaremos c\u00f3mo hacernos llegar su compra. Debido a la naturaleza del uso y ejercicios, dicha [&hellip;]<\/p>\n","protected":false},"author":4,"featured_media":0,"parent":0,"menu_order":0,"comment_status":"closed","ping_status":"closed","template":"","meta":{"_trash_the_other_posts":false,"_genesis_hide_title":false,"_genesis_hide_breadcrumbs":false,"_genesis_hide_singular_image":false,"_genesis_hide_footer_widgets":false,"_genesis_custom_body_class":"","_genesis_custom_post_class":"","_genesis_layout":"","editor_notices":[],"footnotes":""},"class_list":{"0":"post-6183","1":"page","2":"type-page","3":"status-publish","5":"entry"},"acf":[],"featured_image_src":null,"featured_image_src_square":null,"_links":{"self":[{"href":"https:\/\/juegorama.eu\/en\/wp-json\/wp\/v2\/pages\/6183","targetHints":{"allow":["GET"]}}],"collection":[{"href":"https:\/\/juegorama.eu\/en\/wp-json\/wp\/v2\/pages"}],"about":[{"href":"https:\/\/juegorama.eu\/en\/wp-json\/wp\/v2\/types\/page"}],"author":[{"embeddable":true,"href":"https:\/\/juegorama.eu\/en\/wp-json\/wp\/v2\/users\/4"}],"replies":[{"embeddable":true,"href":"https:\/\/juegorama.eu\/en\/wp-json\/wp\/v2\/comments?post=6183"}],"version-history":[{"count":2,"href":"https:\/\/juegorama.eu\/en\/wp-json\/wp\/v2\/pages\/6183\/revisions"}],"predecessor-version":[{"id":6291,"href":"https:\/\/juegorama.eu\/en\/wp-json\/wp\/v2\/pages\/6183\/revisions\/6291"}],"wp:attachment":[{"href":"https:\/\/juegorama.eu\/en\/wp-json\/wp\/v2\/media?parent=6183"}],"curies":[{"name":"wp","href":"https:\/\/api.w.org\/{rel}","templated":true}]}}