{"id":2038,"date":"2019-03-20T11:48:05","date_gmt":"2019-03-20T10:48:05","guid":{"rendered":"https:\/\/juegorama.eu\/?post_type=product&#038;p=2038"},"modified":"2024-10-07T12:41:20","modified_gmt":"2024-10-07T10:41:20","slug":"thepathoftheadventurers","status":"publish","type":"product","link":"https:\/\/juegorama.eu\/en\/tienda\/juegos-de-mesa\/thepathoftheadventurers\/","title":{"rendered":"The Path of The Adventurers"},"content":{"rendered":"<p>The Path of the Adventurers es un juego de exploraci\u00f3n y combate de 1 a 4 jugadores en el que un grupo de aventureros colaborar\u00e1n para abrirse camino por peligrosas localizaciones y derrotar a los se\u00f1ores oscuros que siembran el terror en el reino. Mediante armas y objetos los personajes ir\u00e1n aumentando sus capacidades. Con cada combate adquirir\u00e1n tambi\u00e9n nuevas habilidades para poder enfrentarse a los jefes enemigos y los temibles jefes finales. El camino se ir\u00e1 conformando a lo largo del juego y ser\u00e1 diferente en cada partida ya que es construido de forma aleatoria. Cada tipo de localizaci\u00f3n visitada tiene un tesoro diferente en forma de sets legendarios compuestos por armas y armaduras con poder muy superior a las normales. Consigue todos los sets legendarios en las diferentes localizaciones y tus aventureros ser\u00e1n casi invencibles. Configura tus personajes con el equipo que mejor se adapte a tu modo de juego. Cada personaje es \u00fanico y tiene unas fortalezas y debilidades que deber\u00e1n ser complementadas por el resto para poder tener \u00e9xito en la aventura. Prep\u00e1rate para la batalla y ad\u00e9ntrate en el camino de los aventureros!!!<\/p>\n<p style=\"text-align: left\"><strong>Dise\u00f1ador<\/strong>: Elias Alonso \u00a0 \u00a0 \u00a0 \u00a0 \u00a0 \u00a0 \u00a0 \u00a0 \u00a0 \u00a0 \u00a0 \u00a0 \u00a0 \u00a0\u00a0<strong>Tipo<\/strong>: Cooperativo.<\/p>\n<p><strong>Jugadores<\/strong>: 1 a 4 Jugadores. \u00a0 \u00a0 \u00a0 \u00a0 \u00a0 \u00a0 \u00a0 \u00a0 \u00a0 \u00a0 \u00a0\u00a0<strong>Duraci\u00f3n<\/strong>: 60 a 90 minutos<\/p>\n<p><strong>Edad<\/strong>: A partir de los 14 a\u00f1os. \u00a0 \u00a0 \u00a0 \u00a0 \u00a0 \u00a0 \u00a0 \u00a0 \u00a0 \u00a0 \u00a0<strong>Reglamento<\/strong>: No disponible.<\/p>\n<p><strong>Enlace en la BGG<\/strong>:\u00a0<a href=\"https:\/\/boardgamegeek.com\/boardgame\/287711\/path-adventurers\">https:\/\/boardgamegeek.com\/boardgame\/287711\/path-adventurers<\/a><\/p>\n<p>&nbsp;<\/p>\n<p>&nbsp;<\/p>\n","protected":false},"excerpt":{"rendered":"<p><strong>Fecha de lanzamiento: <span class=\"clGa-date-dt\">2020<\/span><\/strong><\/p>\n<p><strong>Late Pledge<\/strong> disponible en Febrero 2020.<\/p>\n<p><img loading=\"lazy\" decoding=\"async\" class=\"alignnone size-medium wp-image-5761\" src=\"https:\/\/juegorama.eu\/wp-content\/uploads\/sites\/2\/b32b88061cecc091578fa291b598e7e0_original-300x84.jpg\" alt=\"\" width=\"300\" height=\"84\" srcset=\"https:\/\/juegorama.eu\/en\/wp-content\/uploads\/sites\/2\/b32b88061cecc091578fa291b598e7e0_original-300x84.jpg 300w, https:\/\/juegorama.eu\/en\/wp-content\/uploads\/sites\/2\/b32b88061cecc091578fa291b598e7e0_original-655x184.jpg 655w, https:\/\/juegorama.eu\/en\/wp-content\/uploads\/sites\/2\/b32b88061cecc091578fa291b598e7e0_original.jpg 680w\" sizes=\"auto, (max-width: 300px) 100vw, 300px\" \/><\/p>\n<p>The Path of the Adventurers es un juego de exploraci\u00f3n y combate de 1 a 4 jugadores en el que un grupo de aventureros colaborar\u00e1n para abrirse camino por peligrosas localizaciones y derrotar a los se\u00f1ores oscuros que siembran el terror en el reino.<\/p>\n","protected":false},"featured_media":5716,"template":"","meta":{"_trash_the_other_posts":false,"_genesis_hide_title":false,"_genesis_hide_breadcrumbs":false,"_genesis_hide_singular_image":false,"_genesis_hide_footer_widgets":false,"_genesis_custom_body_class":"","_genesis_custom_post_class":"","_genesis_layout":"","editor_notices":[]},"product_brand":[],"product_cat":[212],"product_tag":[],"class_list":{"0":"post-2038","1":"product","2":"type-product","3":"status-publish","4":"has-post-thumbnail","6":"product_cat-juegos-de-mesa","7":"entry","9":"first","10":"outofstock","11":"taxable","12":"shipping-taxable","13":"product-type-simple"},"acf":[],"_links":{"self":[{"href":"https:\/\/juegorama.eu\/en\/wp-json\/wp\/v2\/product\/2038","targetHints":{"allow":["GET"]}}],"collection":[{"href":"https:\/\/juegorama.eu\/en\/wp-json\/wp\/v2\/product"}],"about":[{"href":"https:\/\/juegorama.eu\/en\/wp-json\/wp\/v2\/types\/product"}],"wp:featuredmedia":[{"embeddable":true,"href":"https:\/\/juegorama.eu\/en\/wp-json\/wp\/v2\/media\/5716"}],"wp:attachment":[{"href":"https:\/\/juegorama.eu\/en\/wp-json\/wp\/v2\/media?parent=2038"}],"wp:term":[{"taxonomy":"product_brand","embeddable":true,"href":"https:\/\/juegorama.eu\/en\/wp-json\/wp\/v2\/product_brand?post=2038"},{"taxonomy":"product_cat","embeddable":true,"href":"https:\/\/juegorama.eu\/en\/wp-json\/wp\/v2\/product_cat?post=2038"},{"taxonomy":"product_tag","embeddable":true,"href":"https:\/\/juegorama.eu\/en\/wp-json\/wp\/v2\/product_tag?post=2038"}],"curies":[{"name":"wp","href":"https:\/\/api.w.org\/{rel}","templated":true}]}}